{"id":166,"date":"2026-02-11T10:30:59","date_gmt":"2026-02-11T10:30:59","guid":{"rendered":"https:\/\/skola.baltaisfligelis.lv\/?page_id=166"},"modified":"2026-02-11T10:33:48","modified_gmt":"2026-02-11T10:33:48","slug":"administracija-2025-2026","status":"publish","type":"page","link":"https:\/\/skola.baltaisfligelis.lv\/index.php\/administracija-2025-2026\/","title":{"rendered":"Administr\u0101cija 2025\/2026"},"content":{"rendered":"\n<p><strong>Siguldas M\u0101kslu skolas \u201cBaltais Fl\u012b\u0123elis\u201d administr\u0101cija<\/strong>&nbsp;<\/p>\n\n\n\n<p><strong>JOLANTA BIMBERE<\/strong>&nbsp;<\/p>\n\n\n\n<p>direktore&nbsp;<\/p>\n\n\n\n<p><strong>LAURA ROSTOKA<\/strong>&nbsp;<\/p>\n\n\n\n<p>Direktora vietniece izgl\u012bt\u012bbas jom\u0101 M\u0101kslas\u202fnoda\u013c\u0101, stikla apstr\u0101de&nbsp;<\/p>\n\n\n\n<p><strong>DACE G\u017dIBOVSKA<\/strong>&nbsp;<\/p>\n\n\n\n<p>Direktora vietniece izgl\u012bt\u012bbas jom\u0101 M\u016bzikas noda\u013c\u0101<strong>\u202f<\/strong>&nbsp;<\/p>\n\n\n\n<p><strong>VINETA INBERGA<\/strong>&nbsp;<\/p>\n\n\n\n<p>Direktora vietniece projektu jom\u0101<strong>\u202f<\/strong>&nbsp;<\/p>\n\n\n\n<p><strong>MARGARITA LIEPI\u0145A<\/strong>&nbsp;<\/p>\n\n\n\n<p>Direktora vietniece saimnieciskaj\u0101 jom\u0101&nbsp;<\/p>\n\n\n\n<p><strong>L\u0100SMA OZOLI\u0145A<\/strong>&nbsp;<\/p>\n\n\n\n<p>lietvede &#8211; arhiv\u0101re&nbsp;<\/p>\n\n\n\n<p><strong>KRISTAPS KIR\u0160TEINS<\/strong>&nbsp;<\/p>\n\n\n\n<p>strukt\u016brvien\u012bbas \u201cSiguldas koncertz\u0101le \u201cBaltais Fl\u012b\u0123elis\u201d\u201d vad\u012bt\u0101js&nbsp;<\/p>\n\n\n\n<p><strong>INETA STEPI\u0145A<\/strong>&nbsp;<\/p>\n\n\n\n<p>bibliotek\u0101re&nbsp;<\/p>\n","protected":false},"excerpt":{"rendered":"<p>Siguldas M\u0101kslu skolas \u201cBaltais Fl\u012b\u0123elis\u201d administr\u0101cija&nbsp; JOLANTA BIMBERE&nbsp; direktore&nbsp; LAURA ROSTOKA&nbsp; Direktora vietniece izgl\u012bt\u012bbas jom\u0101 M\u0101kslas\u202fnoda\u013c\u0101, stikla apstr\u0101de&nbsp; DACE G\u017dIBOVSKA&nbsp; Direktora vietniece izgl\u012bt\u012bbas jom\u0101 M\u016bzikas noda\u013c\u0101\u202f&nbsp; VINETA INBERGA&nbsp; Direktora vietniece projektu jom\u0101\u202f&nbsp; MARGARITA LIEPI\u0145A&nbsp; Direktora vietniece saimnieciskaj\u0101 jom\u0101&nbsp; L\u0100SMA OZOLI\u0145A&nbsp; lietvede &#8211; arhiv\u0101re&nbsp; KRISTAPS KIR\u0160TEINS&nbsp; strukt\u016brvien\u012bbas \u201cSiguldas koncertz\u0101le \u201cBaltais Fl\u012b\u0123elis\u201d\u201d vad\u012bt\u0101js&nbsp; INETA STEPI\u0145A&nbsp; bibliotek\u0101re&nbsp;<\/p>\n","protected":false},"author":2,"featured_media":0,"parent":0,"menu_order":0,"comment_status":"closed","ping_status":"closed","template":"","meta":{"footnotes":""},"class_list":["post-166","page","type-page","status-publish","hentry"],"_links":{"self":[{"href":"https:\/\/skola.baltaisfligelis.lv\/index.php\/wp-json\/wp\/v2\/pages\/166","targetHints":{"allow":["GET"]}}],"collection":[{"href":"https:\/\/skola.baltaisfligelis.lv\/index.php\/wp-json\/wp\/v2\/pages"}],"about":[{"href":"https:\/\/skola.baltaisfligelis.lv\/index.php\/wp-json\/wp\/v2\/types\/page"}],"author":[{"embeddable":true,"href":"https:\/\/skola.baltaisfligelis.lv\/index.php\/wp-json\/wp\/v2\/users\/2"}],"replies":[{"embeddable":true,"href":"https:\/\/skola.baltaisfligelis.lv\/index.php\/wp-json\/wp\/v2\/comments?post=166"}],"version-history":[{"count":3,"href":"https:\/\/skola.baltaisfligelis.lv\/index.php\/wp-json\/wp\/v2\/pages\/166\/revisions"}],"predecessor-version":[{"id":173,"href":"https:\/\/skola.baltaisfligelis.lv\/index.php\/wp-json\/wp\/v2\/pages\/166\/revisions\/173"}],"wp:attachment":[{"href":"https:\/\/skola.baltaisfligelis.lv\/index.php\/wp-json\/wp\/v2\/media?parent=166"}],"curies":[{"name":"wp","href":"https:\/\/api.w.org\/{rel}","templated":true}]}}